{"id":39,"date":"2024-05-21T21:06:27","date_gmt":"2024-05-21T19:06:27","guid":{"rendered":"http:\/\/jezykowaprzygoda.pl\/?page_id=39"},"modified":"2024-09-18T22:05:02","modified_gmt":"2024-09-18T20:05:02","slug":"lektorzy","status":"publish","type":"page","link":"http:\/\/jezykowaprzygoda.pl\/index.php\/lektorzy\/","title":{"rendered":"LEKTORZY"},"content":{"rendered":"<p>[et_pb_section fb_built=&#8221;1&#8243; fullwidth=&#8221;on&#8221; _builder_version=&#8221;4.25.1&#8243; _module_preset=&#8221;default&#8221; global_colors_info=&#8221;{}&#8221;][et_pb_fullwidth_image src=&#8221;http:\/\/jezykowaprzygoda.pl\/wp-content\/uploads\/2024\/05\/nasilektorzy.jpg&#8221; title_text=&#8221;nasilektorzy&#8221; _builder_version=&#8221;4.25.1&#8243; _module_preset=&#8221;default&#8221; global_colors_info=&#8221;{}&#8221;][\/et_pb_fullwidth_image][\/et_pb_section][et_pb_section fb_built=&#8221;1&#8243; _builder_version=&#8221;4.25.1&#8243; _module_preset=&#8221;default&#8221; custom_padding=&#8221;16px||0px|||&#8221; global_colors_info=&#8221;{}&#8221;][et_pb_row _builder_version=&#8221;4.25.1&#8243; _module_preset=&#8221;default&#8221; global_colors_info=&#8221;{}&#8221;][et_pb_column type=&#8221;4_4&#8243; _builder_version=&#8221;4.25.1&#8243; _module_preset=&#8221;default&#8221; global_colors_info=&#8221;{}&#8221;][et_pb_text _builder_version=&#8221;4.25.1&#8243; _module_preset=&#8221;default&#8221; text_font=&#8221;Trebuchet|700|||||||&#8221; text_text_color=&#8221;#054597&#8243; text_font_size=&#8221;28px&#8221; text_letter_spacing=&#8221;1px&#8221; text_orientation=&#8221;center&#8221; text_font_size_tablet=&#8221;28px&#8221; text_font_size_phone=&#8221;20px&#8221; text_font_size_last_edited=&#8221;on|desktop&#8221; global_colors_info=&#8221;{}&#8221;]<\/p>\n<p>NASI LEKTORZY I PRACOWNICY<\/p>\n<p>[\/et_pb_text][\/et_pb_column][\/et_pb_row][et_pb_row column_structure=&#8221;1_2,1_2&#8243; _builder_version=&#8221;4.25.1&#8243; _module_preset=&#8221;default&#8221; global_colors_info=&#8221;{}&#8221;][et_pb_column type=&#8221;1_2&#8243; _builder_version=&#8221;4.25.1&#8243; _module_preset=&#8221;default&#8221; border_color_all=&#8221;rgba(0,0,0,0.14)&#8221; global_colors_info=&#8221;{}&#8221;][et_pb_image src=&#8221;http:\/\/jezykowaprzygoda.pl\/wp-content\/uploads\/2024\/06\/marta_k_nowe.jpg&#8221; title_text=&#8221;marta_k_nowe&#8221; _builder_version=&#8221;4.25.1&#8243; _module_preset=&#8221;default&#8221; global_colors_info=&#8221;{}&#8221;][\/et_pb_image][\/et_pb_column][et_pb_column type=&#8221;1_2&#8243; _builder_version=&#8221;4.25.1&#8243; _module_preset=&#8221;default&#8221; global_colors_info=&#8221;{}&#8221;][et_pb_text _builder_version=&#8221;4.25.1&#8243; _module_preset=&#8221;default&#8221; text_font=&#8221;Trebuchet||||||||&#8221; text_text_color=&#8221;#054597&#8243; text_font_size=&#8221;18px&#8221; text_orientation=&#8221;justified&#8221; text_font_size_tablet=&#8221;17px&#8221; text_font_size_phone=&#8221;15px&#8221; text_font_size_last_edited=&#8221;on|tablet&#8221; text_orientation_tablet=&#8221;justified&#8221; text_orientation_phone=&#8221;justified&#8221; text_orientation_last_edited=&#8221;on|desktop&#8221; global_colors_info=&#8221;{}&#8221;]<\/p>\n<p>Szanowni Rodzice, Kochani Uczniowie<\/p>\n<p>Nazywam si\u0119 Marta St\u0119pie\u0144-Kornafel i chcia\u0142abym Wam opowiedzie\u0107 troch\u0119 wi\u0119cej o sobie. Jestem absolwentk\u0105 Uniwersytetu Warszawskiego na kierunkach: Nauczanie j\u0119zyka angielskiego, Polityka o\u015bwiatowa &#8211; menad\u017cer o\u015bwiaty oraz Podyplomowe Studia Polityki i Zarz\u0105dzania O\u015bwiat\u0105. Od zawsze marzy\u0142am o byciu nauczycielk\u0105. Praca z dzie\u0107mi i m\u0142odzie\u017c\u0105 to dla mnie przede wszystkim pasja, a nie obowi\u0105zek. Inspiruj\u0105 mnie swoj\u0105 otwarto\u015bci\u0105, kreatywno\u015bci\u0105 i nieustaj\u0105c\u0105 ciekawo\u015bci\u0105 \u015bwiata, a ja staram si\u0119 od nich wiele uczy\u0107. To w\u0142a\u015bnie dzi\u0119ki nim spe\u0142ni\u0142o si\u0119 moje marzenie &#8211; od 12 lat prowadz\u0119 w\u0142asn\u0105 szko\u0142\u0119, &#8222;J\u0119zykowa Przygoda&#8221;!<\/p>\n<p>Z moimi Uczniami znamy si\u0119 od kilku lub nawet kilkunastu lat dlatego dzieci cz\u0119sto zwierzaj\u0105 mi si\u0119 ze swoich problem\u00f3w, a ja zawsze jestem tu, aby ich wys\u0142ucha\u0107 i s\u0142u\u017cy\u0107 dobr\u0105 rad\u0105. Zar\u00f3wno w trudnych sytuacjach, jak i w kwestiach dotycz\u0105cych wybor\u00f3w zawodowych staram si\u0119 by\u0107 dla nich wsparciem i mentorem.<\/p>\n<p>Dodatkowo, psychologia dzieci i m\u0142odzie\u017cy to r\u00f3wnie\u017c moje zainteresowanie. Staram si\u0119 pog\u0142\u0119bia\u0107 swoj\u0105 wiedz\u0119 na ten temat, aby lepiej zrozumie\u0107 potrzeby i zachowania moich uczni\u00f3w.<\/p>\n<p>Poza prac\u0105 uwielbiam sp\u0119dza\u0107 czas na czytaniu ksi\u0105\u017cek. To dla mnie nie tylko spos\u00f3b na relaks, ale r\u00f3wnie\u017c nieustaj\u0105ce \u017ar\u00f3d\u0142o wiedzy i inspiracji.<\/p>\n<p>Drodzy Uczniowie zapraszam Was serdecznie do naszej szko\u0142y, gdzie wsp\u00f3lnie mo\u017cemy rozwija\u0107 talenty i osi\u0105ga\u0107 cele!<\/p>\n<p>[\/et_pb_text][\/et_pb_column][\/et_pb_row][et_pb_row column_structure=&#8221;1_2,1_2&#8243; _builder_version=&#8221;4.25.1&#8243; _module_preset=&#8221;default&#8221; global_colors_info=&#8221;{}&#8221;][et_pb_column type=&#8221;1_2&#8243; _builder_version=&#8221;4.25.1&#8243; _module_preset=&#8221;default&#8221; border_color_all=&#8221;rgba(0,0,0,0.14)&#8221; global_colors_info=&#8221;{}&#8221;][et_pb_image src=&#8221;http:\/\/jezykowaprzygoda.pl\/wp-content\/uploads\/2024\/05\/magda.jpg&#8221; title_text=&#8221;magda&#8221; _builder_version=&#8221;4.25.1&#8243; _module_preset=&#8221;default&#8221; global_colors_info=&#8221;{}&#8221;][\/et_pb_image][et_pb_text _builder_version=&#8221;4.25.1&#8243; _module_preset=&#8221;default&#8221; text_font=&#8221;Trebuchet||||||||&#8221; text_text_color=&#8221;#054597&#8243; text_font_size=&#8221;18px&#8221; text_orientation=&#8221;justified&#8221; text_font_size_tablet=&#8221;17px&#8221; text_font_size_phone=&#8221;15px&#8221; text_font_size_last_edited=&#8221;on|tablet&#8221; text_orientation_tablet=&#8221;justified&#8221; text_orientation_phone=&#8221;justified&#8221; text_orientation_last_edited=&#8221;on|desktop&#8221; global_colors_info=&#8221;{}&#8221;]<\/p>\n<p><strong>Magdalena K\u0119ska<\/strong><\/p>\n<p>Mam na imi\u0119 Magda, w J\u0119zykowej Przygodzie jestem od 2019 roku. Jestem sercem naszego sekretariatu i dowodz\u0119 naszym &#8222;centrum dowodzenia&#8221; z profesjonalizmem.<br \/>To ja jako pierwsza mam kontakt z Rodzicami, odbieram telefony i zawsze ch\u0119tnie odpowiadam na wszystkie pytania, niezale\u017cnie od tego, jak skomplikowane mog\u0105 by\u0107.<br \/>Ka\u017cdego dnia nie tylko obs\u0142uguj\u0119 nasze biuro, ale r\u00f3wnie\u017c codziennie przyprowadzam maluchy z pobliskiej szko\u0142y podstawowej, dbaj\u0105c o ich bezpiecze\u0144stwo i komfort.<\/p>\n<p>[\/et_pb_text][\/et_pb_column][et_pb_column type=&#8221;1_2&#8243; _builder_version=&#8221;4.25.1&#8243; _module_preset=&#8221;default&#8221; global_colors_info=&#8221;{}&#8221;][et_pb_image src=&#8221;http:\/\/jezykowaprzygoda.pl\/wp-content\/uploads\/2024\/05\/katarzyna.jpg&#8221; title_text=&#8221;katarzyna&#8221; _builder_version=&#8221;4.25.1&#8243; _module_preset=&#8221;default&#8221; global_colors_info=&#8221;{}&#8221;][\/et_pb_image][et_pb_text _builder_version=&#8221;4.25.1&#8243; _module_preset=&#8221;default&#8221; text_font=&#8221;Trebuchet||||||||&#8221; text_text_color=&#8221;#054597&#8243; text_font_size=&#8221;18px&#8221; text_orientation=&#8221;justified&#8221; text_font_size_tablet=&#8221;17px&#8221; text_font_size_phone=&#8221;15px&#8221; text_font_size_last_edited=&#8221;on|tablet&#8221; text_orientation_tablet=&#8221;justified&#8221; text_orientation_phone=&#8221;justified&#8221; text_orientation_last_edited=&#8221;on|desktop&#8221; global_colors_info=&#8221;{}&#8221;]<\/p>\n<p><strong>Katarzyna Wolak &#8211; Krawczyk<\/strong><\/p>\n<p>Nauczaniem j\u0119zyka angielskiego zajmuj\u0119 si\u0119 od 8 lat. Jestem absolwentk\u0105 filologii angielskiej ze specjalizacj\u0105 traslatorsk\u0105 oraz studi\u00f3w podyplomowych z zakresu pedagogiki oraz oligofrenopedagogiki. W moim nauczaniu skupiam si\u0119 na motywowaniu uczni\u00f3w, zrozumieniu indywidualnych potrzeb oraz zapewnieniu jak najbardziej przyjaznej atmosfery na zaj\u0119ciach. Zaplecze z zakresu pedagogiki i psychologii, kt\u00f3re zdoby\u0142am na studiach podyplomowych oraz wieloletnie do\u015bwiadczenie w pracy z dzie\u0107mi i m\u0142odzie\u017c\u0105 uzbroi\u0142o mnie w ocean cierpliwo\u015bci, pokory i zrozumienia dla drugiego cz\u0142owieka. Czuj\u0119 ogromn\u0105 satysfakcj\u0119 i rado\u015b\u0107 z ka\u017cdych, nawet najmniejszych post\u0119p\u00f3w moich kursant\u00f3w. Staram si\u0119 by\u0107 dla nich wsparciem i ciesz\u0119 si\u0119 gdy opuszczaj\u0105 sal\u0119 lekcyjn\u0105 z u\u015bmiechem na twarzy \ud83d\ude42<br \/>Prywatnie interesuj\u0119 si\u0119 wieloma dziedzinami (kino, muzyka, psychologia, coaching, innowacyjne metody nauczania),kt\u00f3re cz\u0119sto wykorzystuje w swojej pracy by uatrakcyjni\u0107 zar\u00f3wno tre\u015bci jak i spos\u00f3b prowadzenia zaj\u0119\u0107.<\/p>\n<p>[\/et_pb_text][\/et_pb_column][\/et_pb_row][et_pb_row column_structure=&#8221;1_2,1_2&#8243; _builder_version=&#8221;4.25.1&#8243; _module_preset=&#8221;default&#8221; global_colors_info=&#8221;{}&#8221;][et_pb_column type=&#8221;1_2&#8243; _builder_version=&#8221;4.25.1&#8243; _module_preset=&#8221;default&#8221; border_color_all=&#8221;rgba(0,0,0,0.14)&#8221; global_colors_info=&#8221;{}&#8221;][et_pb_image src=&#8221;http:\/\/jezykowaprzygoda.pl\/wp-content\/uploads\/2024\/05\/marta_r.jpg&#8221; title_text=&#8221;marta_r&#8221; _builder_version=&#8221;4.27.0&#8243; _module_preset=&#8221;default&#8221; hover_enabled=&#8221;0&#8243; global_colors_info=&#8221;{}&#8221; sticky_enabled=&#8221;0&#8243;][\/et_pb_image][et_pb_text _builder_version=&#8221;4.25.1&#8243; _module_preset=&#8221;default&#8221; text_font=&#8221;Trebuchet||||||||&#8221; text_text_color=&#8221;#054597&#8243; text_font_size=&#8221;18px&#8221; text_orientation=&#8221;justified&#8221; text_font_size_tablet=&#8221;17px&#8221; text_font_size_phone=&#8221;15px&#8221; text_font_size_last_edited=&#8221;on|tablet&#8221; text_orientation_tablet=&#8221;justified&#8221; text_orientation_phone=&#8221;justified&#8221; text_orientation_last_edited=&#8221;on|desktop&#8221; global_colors_info=&#8221;{}&#8221;]<\/p>\n<p><strong>Marta Rutka<\/strong><\/p>\n<p>Hallo! Jestem absolwentk\u0105 Nauczycielskiego Kolegium J\u0119zyk\u00f3w Obcych w Radomiu oraz uko\u0144czy\u0142am studia magisterskie ze specjalno\u015bci\u0105 t\u0142umaczeniow\u0105 na Uniwersytecie Warszawskim. Jako do\u015bwiadczony nauczyciel, wiem jak pracowa\u0107 zar\u00f3wno z dzie\u0107mi, jak i m\u0142odzie\u017c\u0105, czy doros\u0142ymi. Na zaj\u0119ciach stosuj\u0119 metody aktywizuj\u0105ce m.in. gry i zabawy j\u0119zykowe, kt\u00f3re maj\u0105 form\u0119 tradycyjn\u0105, jak r\u00f3wnie\u017c interaktywn\u0105. Cz\u0119sto bazuj\u0119 na podstawach j\u0119zyka angielskiego, kt\u00f3re ju\u017c kursanci posiadaj\u0105, dzi\u0119ki czemu nauka j\u0119zyka niemieckiego jest \u0142atwiejsza i szybsza. Prywatnie jestem mam\u0105 dw\u00f3ch c\u00f3rek, dlatego rozumiem potrzeby i obawy dzisiejszej m\u0142odzie\u017cy oraz ich rodzic\u00f3w.<\/p>\n<p>[\/et_pb_text][\/et_pb_column][et_pb_column type=&#8221;1_2&#8243; _builder_version=&#8221;4.25.1&#8243; _module_preset=&#8221;default&#8221; global_colors_info=&#8221;{}&#8221;][et_pb_image src=&#8221;http:\/\/jezykowaprzygoda.pl\/wp-content\/uploads\/2024\/05\/martas1.jpg&#8221; title_text=&#8221;martas1&#8243; _builder_version=&#8221;4.25.1&#8243; _module_preset=&#8221;default&#8221; global_colors_info=&#8221;{}&#8221;][\/et_pb_image][et_pb_text _builder_version=&#8221;4.25.1&#8243; _module_preset=&#8221;default&#8221; text_font=&#8221;Trebuchet||||||||&#8221; text_text_color=&#8221;#054597&#8243; text_font_size=&#8221;18px&#8221; text_orientation=&#8221;justified&#8221; text_font_size_tablet=&#8221;17px&#8221; text_font_size_phone=&#8221;15px&#8221; text_font_size_last_edited=&#8221;on|tablet&#8221; text_orientation_tablet=&#8221;justified&#8221; text_orientation_phone=&#8221;justified&#8221; text_orientation_last_edited=&#8221;on|desktop&#8221; global_colors_info=&#8221;{}&#8221;]<\/p>\n<p><strong>Marta Stachowicz<\/strong><\/p>\n<p>\u00a1Hola!<br \/>Nazywam si\u0119 Marta Stachowicz i jestem lektorem j\u0119zyka hiszpa\u0144skiego. Moje zami\u0142owanie do j\u0119zyka trwa ju\u017c od 2010 roku, kiedy to rozpocz\u0119\u0142am nauk\u0119 w liceum w klasie dwuj\u0119zycznej.<br \/>Uko\u0144czy\u0142am studia licencjackie na kierunku Filologia Iberyjska na Uniwersytecie Marii Curie- Sk\u0142odowskiej w Lublinie, studia magisterskie na kierunku Lingwistyka Stosowana na Uniwersytecie Warszawskim oraz Interdyscyplinarne Podyplomowe Studium Kszta\u0142cenia T\u0142umaczy na Uniwersytecie Warszawskim.<br \/>Na zaj\u0119ciach kt\u00f3re prowadz\u0119, staram si\u0119 wprowadza\u0107 przyjazn\u0105, bezstresow\u0105 atmosfer\u0119 oraz przekaza\u0107 wiedz\u0119 w jak najlepszy i najprostszy spos\u00f3b.<br \/>Najwi\u0119ksz\u0105 rado\u015b\u0107 sprawia mi gdy widz\u0119 efekty mojej pracy, gdy uczniowie ch\u0119tnie wypowiadaj\u0105 si\u0119 w j\u0119zyku hiszpa\u0144skim, gdy rozumiej\u0105 moje polecenia i ch\u0119tnie uczestnicz\u0105 w moich zaj\u0119ciach.<br \/>Serdecznie zapraszam do naszej wsp\u00f3lnej PRZYGODY &#8211; J\u0118ZYKOWEJ PRZYGODY!<br \/>\u00a1Hasta luego!<\/p>\n<p>[\/et_pb_text][\/et_pb_column][\/et_pb_row][\/et_pb_section]<\/p>\n","protected":false},"excerpt":{"rendered":"<p>NASI LEKTORZY I PRACOWNICYSzanowni Rodzice, Kochani Uczniowie Nazywam si\u0119 Marta St\u0119pie\u0144-Kornafel i chcia\u0142abym Wam opowiedzie\u0107 troch\u0119 wi\u0119cej o sobie. Jestem absolwentk\u0105 Uniwersytetu Warszawskiego na kierunkach: Nauczanie j\u0119zyka angielskiego, Polityka o\u015bwiatowa &#8211; menad\u017cer o\u015bwiaty oraz Podyplomowe Studia Polityki i Zarz\u0105dzania O\u015bwiat\u0105. Od zawsze marzy\u0142am o byciu nauczycielk\u0105. Praca z dzie\u0107mi i m\u0142odzie\u017c\u0105 to dla mnie przede [&hellip;]<\/p>\n","protected":false},"author":1,"featured_media":0,"parent":0,"menu_order":0,"comment_status":"closed","ping_status":"closed","template":"","meta":{"_et_pb_use_builder":"on","_et_pb_old_content":"","_et_gb_content_width":"","footnotes":""},"class_list":["post-39","page","type-page","status-publish","hentry"],"_links":{"self":[{"href":"http:\/\/jezykowaprzygoda.pl\/index.php\/wp-json\/wp\/v2\/pages\/39","targetHints":{"allow":["GET"]}}],"collection":[{"href":"http:\/\/jezykowaprzygoda.pl\/index.php\/wp-json\/wp\/v2\/pages"}],"about":[{"href":"http:\/\/jezykowaprzygoda.pl\/index.php\/wp-json\/wp\/v2\/types\/page"}],"author":[{"embeddable":true,"href":"http:\/\/jezykowaprzygoda.pl\/index.php\/wp-json\/wp\/v2\/users\/1"}],"replies":[{"embeddable":true,"href":"http:\/\/jezykowaprzygoda.pl\/index.php\/wp-json\/wp\/v2\/comments?post=39"}],"version-history":[{"count":15,"href":"http:\/\/jezykowaprzygoda.pl\/index.php\/wp-json\/wp\/v2\/pages\/39\/revisions"}],"predecessor-version":[{"id":466,"href":"http:\/\/jezykowaprzygoda.pl\/index.php\/wp-json\/wp\/v2\/pages\/39\/revisions\/466"}],"wp:attachment":[{"href":"http:\/\/jezykowaprzygoda.pl\/index.php\/wp-json\/wp\/v2\/media?parent=39"}],"curies":[{"name":"wp","href":"https:\/\/api.w.org\/{rel}","templated":true}]}}