{"id":317,"date":"2024-05-24T18:36:48","date_gmt":"2024-05-24T16:36:48","guid":{"rendered":"http:\/\/jezykowaprzygoda.pl\/?page_id=317"},"modified":"2024-05-24T19:05:11","modified_gmt":"2024-05-24T17:05:11","slug":"teddie-eddy","status":"publish","type":"page","link":"http:\/\/jezykowaprzygoda.pl\/index.php\/teddie-eddy\/","title":{"rendered":"Teddie Eddy"},"content":{"rendered":"<p>[et_pb_section fb_built=&#8221;1&#8243; fullwidth=&#8221;on&#8221; _builder_version=&#8221;4.25.1&#8243; _module_preset=&#8221;default&#8221; hover_enabled=&#8221;0&#8243; global_colors_info=&#8221;{}&#8221; box_shadow_style=&#8221;preset3&#8243; sticky_enabled=&#8221;0&#8243;][et_pb_fullwidth_image src=&#8221;http:\/\/jezykowaprzygoda.pl\/wp-content\/uploads\/2024\/05\/jez_te.jpg&#8221; title_text=&#8221;jez_te&#8221; _builder_version=&#8221;4.25.1&#8243; _module_preset=&#8221;default&#8221; global_colors_info=&#8221;{}&#8221;][\/et_pb_fullwidth_image][\/et_pb_section][et_pb_section fb_built=&#8221;1&#8243; _builder_version=&#8221;4.25.1&#8243; _module_preset=&#8221;default&#8221; custom_padding=&#8221;11px||19px|||&#8221; global_colors_info=&#8221;{}&#8221;][et_pb_row _builder_version=&#8221;4.25.1&#8243; _module_preset=&#8221;default&#8221; global_colors_info=&#8221;{}&#8221;][et_pb_column type=&#8221;4_4&#8243; _builder_version=&#8221;4.25.1&#8243; _module_preset=&#8221;default&#8221; global_colors_info=&#8221;{}&#8221;][et_pb_text _builder_version=&#8221;4.25.1&#8243; _module_preset=&#8221;default&#8221; text_font=&#8221;Trebuchet||||||||&#8221; text_text_color=&#8221;#054597&#8243; text_font_size=&#8221;26px&#8221; text_orientation=&#8221;center&#8221; text_font_size_tablet=&#8221;26px&#8221; text_font_size_phone=&#8221;18px&#8221; text_font_size_last_edited=&#8221;on|desktop&#8221; global_colors_info=&#8221;{}&#8221;]<\/p>\n<p>Dlaczego warto postawi\u0107 na angielski dla dzieci z Teddy Eddie?<\/p>\n<p>[\/et_pb_text][\/et_pb_column][\/et_pb_row][et_pb_row _builder_version=&#8221;4.25.1&#8243; _module_preset=&#8221;default&#8221; global_colors_info=&#8221;{}&#8221;][et_pb_column type=&#8221;4_4&#8243; _builder_version=&#8221;4.25.1&#8243; _module_preset=&#8221;default&#8221; global_colors_info=&#8221;{}&#8221;][et_pb_text _builder_version=&#8221;4.25.1&#8243; _module_preset=&#8221;default&#8221; text_font=&#8221;Trebuchet||||||||&#8221; text_text_color=&#8221;#054597&#8243; text_font_size=&#8221;17px&#8221; text_font_size_tablet=&#8221;17px&#8221; text_font_size_phone=&#8221;16px&#8221; text_font_size_last_edited=&#8221;on|phone&#8221; global_colors_info=&#8221;{}&#8221;]<\/p>\n<p style=\"text-align: justify;\">Uczymy w oparciu o <strong>wieloletnie do\u015bwiadczenie pedagogiczne<\/strong> i zgodnie ze wsp\u00f3\u0142czesn\u0105 glottodydaktyk\u0105 nauki angielskiego. Nasi metodycy to aktywni lektorzy, kt\u00f3rzy wszystkie pomys\u0142y sprawdzaj\u0105 w swoich grupach, dzi\u0119ki czemu proponowany przez nas j\u0119zyk angielski dla dzieci jest efektowny, a jednocze\u015bnie stanowi dla kursant\u00f3w <strong>\u015bwietn\u0105 zabaw\u0119<\/strong>. Korzystamy z nowoczesnych technologii, oferuj\u0105c naszym kursantom interaktywne <strong>\u0107wiczenia na platformie Plac Zabaw<\/strong>, dzi\u0119ki kt\u00f3rej maluchy mog\u0105 \u0107wiczy\u0107 poznane zwroty tak\u017ce w domu.<\/p>\n<p style=\"text-align: justify;\">Anga\u017cujemy ch\u0119tnych rodzic\u00f3w do zabawy z j\u0119zykiem w trakcie codziennych czynno\u015bci. Kurs j\u0119zyka angielskiego dla dzieci Teddy Eddie polega na tym, \u017ce na zaj\u0119ciach pracujemy w oparciu o TPR (Total Physical Response), <strong>anga\u017cuj\u0105ce historyjki, wpadaj\u0105ce w ucho piosenki i mn\u00f3stwo ruchowych gier<\/strong>, stawiaj\u0105c przede wszystkim na komunikacj\u0119 i produkcj\u0119 j\u0119zykow\u0105. Dzi\u0119ki temu <strong>nauka j\u0119zyka angielskiego dla ma\u0142ych dzieci metod\u0105<\/strong> <strong>Teddy Eddie<\/strong> \u0142\u0105czy przyjemne z po\u017cytecznym.<\/p>\n<p style=\"text-align: justify;\">\n<p style=\"text-align: justify;\">Zaczerpni\u0119to z oficjalnej strony w\u0142a\u015bciciela marki Teddy Eddie \u2013 <a href=\"http:\/\/www.edubears.pl\" target=\"_blank\" data-saferedirecturl=\"https:\/\/www.google.com\/url?q=http:\/\/www.edubears.pl&amp;source=gmail&amp;ust=1662238587191000&amp;usg=AOvVaw0cAtDuU3YlgilDd-VVe424\" rel=\"noopener\">www.edubears.pl<\/a><\/p>\n<p>[\/et_pb_text][\/et_pb_column][\/et_pb_row][\/et_pb_section][et_pb_section fb_built=&#8221;1&#8243; _builder_version=&#8221;4.25.1&#8243; _module_preset=&#8221;default&#8221; custom_padding=&#8221;17px||29px|||&#8221; global_colors_info=&#8221;{}&#8221;][et_pb_row _builder_version=&#8221;4.25.1&#8243; _module_preset=&#8221;default&#8221; global_colors_info=&#8221;{}&#8221;][et_pb_column type=&#8221;4_4&#8243; _builder_version=&#8221;4.25.1&#8243; _module_preset=&#8221;default&#8221; global_colors_info=&#8221;{}&#8221;][et_pb_gallery gallery_ids=&#8221;330,331,332,333&#8243; show_title_and_caption=&#8221;off&#8221; show_pagination=&#8221;off&#8221; hover_overlay_color=&#8221;rgba(5,69,151,0.16)&#8221; _builder_version=&#8221;4.25.1&#8243; _module_preset=&#8221;default&#8221; global_colors_info=&#8221;{}&#8221;][\/et_pb_gallery][\/et_pb_column][\/et_pb_row][\/et_pb_section]<\/p>\n","protected":false},"excerpt":{"rendered":"<p>Dlaczego warto postawi\u0107 na angielski dla dzieci z Teddy Eddie?Uczymy w oparciu o wieloletnie do\u015bwiadczenie pedagogiczne i zgodnie ze wsp\u00f3\u0142czesn\u0105 glottodydaktyk\u0105 nauki angielskiego. Nasi metodycy to aktywni lektorzy, kt\u00f3rzy wszystkie pomys\u0142y sprawdzaj\u0105 w swoich grupach, dzi\u0119ki czemu proponowany przez nas j\u0119zyk angielski dla dzieci jest efektowny, a jednocze\u015bnie stanowi dla kursant\u00f3w \u015bwietn\u0105 zabaw\u0119. Korzystamy z [&hellip;]<\/p>\n","protected":false},"author":1,"featured_media":0,"parent":0,"menu_order":0,"comment_status":"closed","ping_status":"closed","template":"","meta":{"_et_pb_use_builder":"on","_et_pb_old_content":"","_et_gb_content_width":"","footnotes":""},"class_list":["post-317","page","type-page","status-publish","hentry"],"_links":{"self":[{"href":"http:\/\/jezykowaprzygoda.pl\/index.php\/wp-json\/wp\/v2\/pages\/317","targetHints":{"allow":["GET"]}}],"collection":[{"href":"http:\/\/jezykowaprzygoda.pl\/index.php\/wp-json\/wp\/v2\/pages"}],"about":[{"href":"http:\/\/jezykowaprzygoda.pl\/index.php\/wp-json\/wp\/v2\/types\/page"}],"author":[{"embeddable":true,"href":"http:\/\/jezykowaprzygoda.pl\/index.php\/wp-json\/wp\/v2\/users\/1"}],"replies":[{"embeddable":true,"href":"http:\/\/jezykowaprzygoda.pl\/index.php\/wp-json\/wp\/v2\/comments?post=317"}],"version-history":[{"count":4,"href":"http:\/\/jezykowaprzygoda.pl\/index.php\/wp-json\/wp\/v2\/pages\/317\/revisions"}],"predecessor-version":[{"id":336,"href":"http:\/\/jezykowaprzygoda.pl\/index.php\/wp-json\/wp\/v2\/pages\/317\/revisions\/336"}],"wp:attachment":[{"href":"http:\/\/jezykowaprzygoda.pl\/index.php\/wp-json\/wp\/v2\/media?parent=317"}],"curies":[{"name":"wp","href":"https:\/\/api.w.org\/{rel}","templated":true}]}}