{"id":307,"date":"2024-05-24T18:29:11","date_gmt":"2024-05-24T16:29:11","guid":{"rendered":"http:\/\/jezykowaprzygoda.pl\/?page_id=307"},"modified":"2024-05-25T17:52:46","modified_gmt":"2024-05-25T15:52:46","slug":"jezyk-niemiecki","status":"publish","type":"page","link":"http:\/\/jezykowaprzygoda.pl\/index.php\/jezyk-niemiecki\/","title":{"rendered":"J\u0119zyk niemiecki"},"content":{"rendered":"<p>[et_pb_section fb_built=&#8221;1&#8243; fullwidth=&#8221;on&#8221; _builder_version=&#8221;4.25.1&#8243; _module_preset=&#8221;default&#8221; global_colors_info=&#8221;{}&#8221;][et_pb_fullwidth_image src=&#8221;http:\/\/jezykowaprzygoda.pl\/wp-content\/uploads\/2024\/05\/jez_niem.jpg&#8221; title_text=&#8221;jez_niem&#8221; _builder_version=&#8221;4.25.1&#8243; _module_preset=&#8221;default&#8221; global_colors_info=&#8221;{}&#8221;][\/et_pb_fullwidth_image][\/et_pb_section][et_pb_section fb_built=&#8221;1&#8243; _builder_version=&#8221;4.25.1&#8243; _module_preset=&#8221;default&#8221; global_colors_info=&#8221;{}&#8221; custom_padding=&#8221;17px|||||&#8221;][et_pb_row _builder_version=&#8221;4.25.1&#8243; _module_preset=&#8221;default&#8221; global_colors_info=&#8221;{}&#8221;][et_pb_column type=&#8221;4_4&#8243; _builder_version=&#8221;4.25.1&#8243; _module_preset=&#8221;default&#8221; global_colors_info=&#8221;{}&#8221;][et_pb_text _builder_version=&#8221;4.25.1&#8243; _module_preset=&#8221;default&#8221; hover_enabled=&#8221;0&#8243; global_colors_info=&#8221;{}&#8221; text_font=&#8221;Trebuchet||||||||&#8221; text_text_color=&#8221;#054597&#8243; text_font_size_last_edited=&#8221;on|desktop&#8221; text_font_size=&#8221;18px&#8221; sticky_enabled=&#8221;0&#8243; text_font_size_phone=&#8221;16px&#8221; text_orientation=&#8221;justified&#8221; text_font_size_tablet=&#8221;18px&#8221;]<\/p>\n<p><strong>Dlaczego warto uczy\u0107 si\u0119 j\u0119zyka niemieckiego?<\/strong><\/p>\n<p>Gdy m\u00f3wimy- j\u0119zyk niemiecki- my\u015blimy o naszych zachodnich s\u0105siadach, ale nie tylko w Niemczech m\u00f3wi si\u0119 po niemiecku, tak\u017ce<br \/>w Austrii, Szwajcarii i Liechtenstein, a jako jeden z j\u0119zyk\u00f3w urz\u0119dowych stosowany jest tak\u017ce w Luxemburgu i Belgii. Tym pi\u0119knym j\u0119zykiem jako ojczystym pos\u0142uguje si\u0119 a\u017c 101milion\u00f3w ludzi na ca\u0142ym \u015bwiecie.<\/p>\n<p>Poniewa\u017c kraje niemieckoj\u0119zyczne le\u017c\u0105 w naszym bliskim s\u0105siedztwie, s\u0105 one cz\u0119sto celem podr\u00f3\u017cy zarobkowych wielu m\u0142odych Polak\u00f3w. Poza tym Niemcy umo\u017cliwiaj\u0105 dost\u0119p do wysokiej jako\u015bci edukacji, przyznaj\u0105c przy tym wiele rozmaitych stypendi\u00f3w na studia w Niemczech. M\u0142odzi obcokrajowcy maj\u0105 mo\u017cliwo\u015b\u0107 uzyskania specjalnej wizy umo\u017cliwiaj\u0105cej prac\u0119 w wakacje. Istniej\u0105 tak\u017ce programy wymiany uczniowskiej i studenckiej. Niemiecki to r\u00f3wnie\u017c j\u0119zyk wa\u017cny dla nauki i wdra\u017cania nowych technologii- chocia\u017cby motoryzacyjnych. Niemcy przyznaj\u0105 te\u017c stypendia badawcze naukowcom z innych kraj\u00f3w. Z kolei obywatele kraj\u00f3w niemieckoj\u0119zycznych wiele podr\u00f3\u017cuj\u0105 po \u015bwiecie i bardzo sobie ceni\u0105 personel znaj\u0105cy ich j\u0119zyk oraz niemieckoj\u0119zycznych przewodnik\u00f3w, wi\u0119c je\u015bli chcesz poszerzy\u0107 swoje horyzonty, da\u0107 sobie szans\u0119 na lepszy rozw\u00f3j, a zw\u0142aszcza prac\u0119 w mi\u0119dzynarodowych korporacjach, musisz pozna\u0107 j\u0119zyk Goethego- jednego z najwi\u0119kszych tw\u00f3rc\u00f3w literatury niemieckiej.<\/p>\n<p>J\u0119zyk angielski i niemiecki pochodz\u0105 z tej samej rodziny j\u0119zyk\u00f3w germa\u0144skich, wi\u0119c maj\u0105c ju\u017c podstawy angielskiego &#8211; niemiecki b\u0119dzie dla Ciebie pestk\u0105!<\/p>\n<p>[\/et_pb_text][\/et_pb_column][\/et_pb_row][\/et_pb_section]<\/p>\n","protected":false},"excerpt":{"rendered":"<p>Dlaczego warto uczy\u0107 si\u0119 j\u0119zyka niemieckiego? Gdy m\u00f3wimy- j\u0119zyk niemiecki- my\u015blimy o naszych zachodnich s\u0105siadach, ale nie tylko w Niemczech m\u00f3wi si\u0119 po niemiecku, tak\u017cew Austrii, Szwajcarii i Liechtenstein, a jako jeden z j\u0119zyk\u00f3w urz\u0119dowych stosowany jest tak\u017ce w Luxemburgu i Belgii. Tym pi\u0119knym j\u0119zykiem jako ojczystym pos\u0142uguje si\u0119 a\u017c 101milion\u00f3w ludzi na ca\u0142ym \u015bwiecie. [&hellip;]<\/p>\n","protected":false},"author":1,"featured_media":0,"parent":0,"menu_order":0,"comment_status":"closed","ping_status":"closed","template":"","meta":{"_et_pb_use_builder":"on","_et_pb_old_content":"","_et_gb_content_width":"","footnotes":""},"class_list":["post-307","page","type-page","status-publish","hentry"],"_links":{"self":[{"href":"http:\/\/jezykowaprzygoda.pl\/index.php\/wp-json\/wp\/v2\/pages\/307","targetHints":{"allow":["GET"]}}],"collection":[{"href":"http:\/\/jezykowaprzygoda.pl\/index.php\/wp-json\/wp\/v2\/pages"}],"about":[{"href":"http:\/\/jezykowaprzygoda.pl\/index.php\/wp-json\/wp\/v2\/types\/page"}],"author":[{"embeddable":true,"href":"http:\/\/jezykowaprzygoda.pl\/index.php\/wp-json\/wp\/v2\/users\/1"}],"replies":[{"embeddable":true,"href":"http:\/\/jezykowaprzygoda.pl\/index.php\/wp-json\/wp\/v2\/comments?post=307"}],"version-history":[{"count":4,"href":"http:\/\/jezykowaprzygoda.pl\/index.php\/wp-json\/wp\/v2\/pages\/307\/revisions"}],"predecessor-version":[{"id":340,"href":"http:\/\/jezykowaprzygoda.pl\/index.php\/wp-json\/wp\/v2\/pages\/307\/revisions\/340"}],"wp:attachment":[{"href":"http:\/\/jezykowaprzygoda.pl\/index.php\/wp-json\/wp\/v2\/media?parent=307"}],"curies":[{"name":"wp","href":"https:\/\/api.w.org\/{rel}","templated":true}]}}