{"id":270,"date":"2024-05-24T09:02:36","date_gmt":"2024-05-24T07:02:36","guid":{"rendered":"http:\/\/jezykowaprzygoda.pl\/?page_id=270"},"modified":"2024-05-27T07:38:45","modified_gmt":"2024-05-27T05:38:45","slug":"jezyk-angielski","status":"publish","type":"page","link":"http:\/\/jezykowaprzygoda.pl\/index.php\/jezyk-angielski\/","title":{"rendered":"J\u0119zyk angielski"},"content":{"rendered":"<p>[et_pb_section fb_built=&#8221;1&#8243; fullwidth=&#8221;on&#8221; _builder_version=&#8221;4.25.1&#8243; _module_preset=&#8221;default&#8221; global_colors_info=&#8221;{}&#8221;][et_pb_fullwidth_image src=&#8221;http:\/\/jezykowaprzygoda.pl\/wp-content\/uploads\/2024\/05\/jez_ang.jpg&#8221; title_text=&#8221;jez_ang&#8221; _builder_version=&#8221;4.25.1&#8243; _module_preset=&#8221;default&#8221; global_colors_info=&#8221;{}&#8221;][\/et_pb_fullwidth_image][\/et_pb_section][et_pb_section fb_built=&#8221;1&#8243; _builder_version=&#8221;4.25.1&#8243; _module_preset=&#8221;default&#8221; custom_padding=&#8221;17px|||||&#8221; global_colors_info=&#8221;{}&#8221;][et_pb_row _builder_version=&#8221;4.25.1&#8243; _module_preset=&#8221;default&#8221; background_color=&#8221;#1FD7E0&#8243; custom_padding=&#8221;12px|16px|12px|16px|false|false&#8221; border_radii=&#8221;on|8px|8px|8px|8px&#8221; global_colors_info=&#8221;{}&#8221;][et_pb_column type=&#8221;4_4&#8243; _builder_version=&#8221;4.25.1&#8243; _module_preset=&#8221;default&#8221; global_colors_info=&#8221;{}&#8221;][et_pb_text _builder_version=&#8221;4.25.1&#8243; _module_preset=&#8221;default&#8221; text_font=&#8221;Trebuchet|700|||||||&#8221; text_text_color=&#8221;#FFFFFF&#8221; text_font_size=&#8221;17px&#8221; text_orientation=&#8221;justified&#8221; text_font_size_tablet=&#8221;17px&#8221; text_font_size_phone=&#8221;15px&#8221; text_font_size_last_edited=&#8221;on|phone&#8221; global_colors_info=&#8221;{}&#8221;]<\/p>\n<p>J\u0119zyk angielski to klucz do \u015bwiata pe\u0142nego mo\u017cliwo\u015bci! W J\u0119zykowej Przygodzie oferujemy kursy j\u0119zyka angielskiego, kt\u00f3re otwieraj\u0105 drzwi do mi\u0119dzynarodowej komunikacji, edukacji i kariery. Nasze zaj\u0119cia s\u0105 prowadzone przez do\u015bwiadczonych lektor\u00f3w i native speaker\u00f3w, kt\u00f3rzy uczyni\u0105 Twoj\u0105 nauk\u0119 efektywn\u0105 i inspiruj\u0105c\u0105.<\/p>\n<p><strong>Co oferujemy?<\/strong><\/p>\n<p>Kursy na wszystkich poziomach: Od pocz\u0105tkuj\u0105cych A1 po zaawansowanych C2, nasze kursy s\u0105 dostosowane do Twoich potrzeb i cel\u00f3w. Native Speakerzy: Nauka z native speakerami to najlepszy spos\u00f3b na opanowanie autentycznego, naturalnego j\u0119zyka.<\/p>\n<p>Przygotowanie do Egzamin\u00f3w: Specjalistyczne zaj\u0119cia przygotowuj\u0105ce do egzamin\u00f3w FCE i CAE, kt\u00f3re s\u0105 uznawane na ca\u0142ym \u015bwiecie.<\/p>\n<p>Interaktywne Lekcje: Nasze metody nauczania s\u0105 dynamiczne i anga\u017cuj\u0105ce, co sprawia, \u017ce nauka staje si\u0119 przyjemno\u015bci\u0105.<\/p>\n<p>[\/et_pb_text][\/et_pb_column][\/et_pb_row][et_pb_row _builder_version=&#8221;4.25.1&#8243; _module_preset=&#8221;default&#8221; module_alignment=&#8221;center&#8221; global_colors_info=&#8221;{}&#8221;][et_pb_column type=&#8221;4_4&#8243; _builder_version=&#8221;4.25.1&#8243; _module_preset=&#8221;default&#8221; global_colors_info=&#8221;{}&#8221;][et_pb_image src=&#8221;http:\/\/jezykowaprzygoda.pl\/wp-content\/uploads\/2024\/05\/gal1.jpg&#8221; title_text=&#8221;gal1&#8243; align=&#8221;center&#8221; _builder_version=&#8221;4.25.1&#8243; _module_preset=&#8221;default&#8221; border_radii=&#8221;on|22px|22px|22px|22px&#8221; global_colors_info=&#8221;{}&#8221;][\/et_pb_image][\/et_pb_column][\/et_pb_row][et_pb_row _builder_version=&#8221;4.25.1&#8243; _module_preset=&#8221;default&#8221; custom_padding=&#8221;14px||10px|||&#8221; global_colors_info=&#8221;{}&#8221;][et_pb_column type=&#8221;4_4&#8243; _builder_version=&#8221;4.25.1&#8243; _module_preset=&#8221;default&#8221; global_colors_info=&#8221;{}&#8221;][et_pb_text _builder_version=&#8221;4.25.1&#8243; _module_preset=&#8221;default&#8221; text_font=&#8221;Trebuchet||||||||&#8221; text_text_color=&#8221;#054597&#8243; text_font_size=&#8221;18px&#8221; text_orientation=&#8221;justified&#8221; text_font_size_tablet=&#8221;&#8221; text_font_size_phone=&#8221;15px&#8221; text_font_size_last_edited=&#8221;on|desktop&#8221; global_colors_info=&#8221;{}&#8221;]<\/p>\n<p><strong>Ciekawostki:<\/strong><\/p>\n<p><em>Kultura Herbaciana:<\/em> Brytyjczycy s\u0105 znani z zami\u0142owania do herbaty. Tradycyjne &#8222;afternoon tea&#8221; to posi\u0142ek sk\u0142adaj\u0105cy si\u0119 z herbaty, kanapek, ciasteczek i bu\u0142eczek scone.<\/p>\n<p><em>Kr\u00f3lewska Rodzina:<\/em> Wielka Brytania ma jedn\u0105 z najbardziej znanych rodzin kr\u00f3lewskich na \u015bwiecie. Kr\u00f3lowa El\u017cbieta II by\u0142a jedn\u0105 z najd\u0142u\u017cej panuj\u0105cych monarch\u00f3w w historii.<\/p>\n<p><em>Muzyka:<\/em> Wielka Brytania jest ojczyzn\u0105 wielu legendarnych zespo\u0142\u00f3w muzycznych, takich jak The Beatles, Queen, czy Rolling Stones.<\/p>\n<p><strong>Literatura:<\/strong> Brytyjska literatura to skarbnica klasycznych dzie\u0142. William Shakespeare, Charles Dickens, J.K. Rowling to tylko niekt\u00f3rzy z wielkich pisarzy pochodz\u0105cych z tego kraju.<\/p>\n<p><em>Sport:<\/em> Wielka Brytania jest kolebk\u0105 wielu popularnych sport\u00f3w, takich jak pi\u0142ka no\u017cna, rugby, tenis i krykiet.<\/p>\n<p><strong>Dlaczego warto uczy\u0107 si\u0119 angielskiego?<\/strong><\/p>\n<p>Globalny J\u0119zyk: Angielski jest j\u0119zykiem mi\u0119dzynarodowym u\u017cywanym w biznesie, nauce, technologii i turystyce.<\/p>\n<p>Dost\u0119p do Wiedzy: Wi\u0119kszo\u015b\u0107 tre\u015bci w Internecie, ksi\u0105\u017cek, materia\u0142\u00f3w edukacyjnych oraz gier komputerowych jest dost\u0119pna<br \/>w j\u0119zyku angielskim.<\/p>\n<p>Mo\u017cliwo\u015bci Edukacyjne i Zawodowe: Znajomo\u015b\u0107 angielskiego otwiera drzwi do presti\u017cowych uczelni i mi\u0119dzynarodowych firm.<\/p>\n<p>&nbsp;<\/p>\n<p>[\/et_pb_text][\/et_pb_column][\/et_pb_row][et_pb_row _builder_version=&#8221;4.25.1&#8243; _module_preset=&#8221;default&#8221; background_color=&#8221;#054597&#8243; custom_padding=&#8221;12px|16px|12px|16px|false|false&#8221; border_radii=&#8221;on|10px|10px|10px|10px&#8221; global_colors_info=&#8221;{}&#8221;][et_pb_column type=&#8221;4_4&#8243; _builder_version=&#8221;4.25.1&#8243; _module_preset=&#8221;default&#8221; global_colors_info=&#8221;{}&#8221;][et_pb_text _builder_version=&#8221;4.25.1&#8243; _module_preset=&#8221;default&#8221; text_font=&#8221;Trebuchet||||||||&#8221; text_text_color=&#8221;#EDF000&#8243; text_font_size=&#8221;18px&#8221; text_orientation=&#8221;justified&#8221; text_font_size_tablet=&#8221;&#8221; text_font_size_phone=&#8221;15px&#8221; text_font_size_last_edited=&#8221;on|phone&#8221; global_colors_info=&#8221;{}&#8221;]<\/p>\n<p><strong>Do\u0142\u0105cz do Nas!<\/strong><\/p>\n<p>Zapisz si\u0119 na kurs j\u0119zyka angielskiego w J\u0119zykowej Przygodzie i odkryj, jak fascynuj\u0105ca mo\u017ce by\u0107 nauka tego globalnego j\u0119zyka. Z nami ka\u017cda lekcja to nowa przygoda pe\u0142na wiedzy i ciekawostek!<\/p>\n<p>Przyjd\u017a i przekonaj si\u0119, \u017ce nauka angielskiego mo\u017ce by\u0107 ekscytuj\u0105c\u0105 podr\u00f3\u017c\u0105!<\/p>\n<p>\u200b<\/p>\n<p>[\/et_pb_text][\/et_pb_column][\/et_pb_row][\/et_pb_section]<\/p>\n","protected":false},"excerpt":{"rendered":"<p>J\u0119zyk angielski to klucz do \u015bwiata pe\u0142nego mo\u017cliwo\u015bci! W J\u0119zykowej Przygodzie oferujemy kursy j\u0119zyka angielskiego, kt\u00f3re otwieraj\u0105 drzwi do mi\u0119dzynarodowej komunikacji, edukacji i kariery. Nasze zaj\u0119cia s\u0105 prowadzone przez do\u015bwiadczonych lektor\u00f3w i native speaker\u00f3w, kt\u00f3rzy uczyni\u0105 Twoj\u0105 nauk\u0119 efektywn\u0105 i inspiruj\u0105c\u0105. Co oferujemy? Kursy na wszystkich poziomach: Od pocz\u0105tkuj\u0105cych A1 po zaawansowanych C2, nasze kursy [&hellip;]<\/p>\n","protected":false},"author":1,"featured_media":0,"parent":0,"menu_order":0,"comment_status":"closed","ping_status":"closed","template":"","meta":{"_et_pb_use_builder":"on","_et_pb_old_content":"","_et_gb_content_width":"","footnotes":""},"class_list":["post-270","page","type-page","status-publish","hentry"],"_links":{"self":[{"href":"http:\/\/jezykowaprzygoda.pl\/index.php\/wp-json\/wp\/v2\/pages\/270","targetHints":{"allow":["GET"]}}],"collection":[{"href":"http:\/\/jezykowaprzygoda.pl\/index.php\/wp-json\/wp\/v2\/pages"}],"about":[{"href":"http:\/\/jezykowaprzygoda.pl\/index.php\/wp-json\/wp\/v2\/types\/page"}],"author":[{"embeddable":true,"href":"http:\/\/jezykowaprzygoda.pl\/index.php\/wp-json\/wp\/v2\/users\/1"}],"replies":[{"embeddable":true,"href":"http:\/\/jezykowaprzygoda.pl\/index.php\/wp-json\/wp\/v2\/comments?post=270"}],"version-history":[{"count":8,"href":"http:\/\/jezykowaprzygoda.pl\/index.php\/wp-json\/wp\/v2\/pages\/270\/revisions"}],"predecessor-version":[{"id":365,"href":"http:\/\/jezykowaprzygoda.pl\/index.php\/wp-json\/wp\/v2\/pages\/270\/revisions\/365"}],"wp:attachment":[{"href":"http:\/\/jezykowaprzygoda.pl\/index.php\/wp-json\/wp\/v2\/media?parent=270"}],"curies":[{"name":"wp","href":"https:\/\/api.w.org\/{rel}","templated":true}]}}