{"id":161,"date":"2024-05-23T08:01:51","date_gmt":"2024-05-23T06:01:51","guid":{"rendered":"http:\/\/jezykowaprzygoda.pl\/?page_id=161"},"modified":"2024-06-07T19:22:01","modified_gmt":"2024-06-07T17:22:01","slug":"klauzula-informacyjna-monitoring","status":"publish","type":"page","link":"http:\/\/jezykowaprzygoda.pl\/index.php\/klauzula-informacyjna-monitoring\/","title":{"rendered":"Klauzula informacyjna &#8211; monitoring"},"content":{"rendered":"\n[et_pb_section fb_built=&#8221;1&#8243; _builder_version=&#8221;4.25.1&#8243; _module_preset=&#8221;default&#8221; custom_padding=&#8221;27px|||||&#8221; global_colors_info=&#8221;{}&#8221;][et_pb_row _builder_version=&#8221;4.25.1&#8243; _module_preset=&#8221;default&#8221; global_colors_info=&#8221;{}&#8221;][et_pb_column type=&#8221;4_4&#8243; _builder_version=&#8221;4.25.1&#8243; _module_preset=&#8221;default&#8221; global_colors_info=&#8221;{}&#8221;][et_pb_text _builder_version=&#8221;4.25.1&#8243; _module_preset=&#8221;default&#8221; text_font=&#8221;Trebuchet||||||||&#8221; text_font_size=&#8221;16px&#8221; custom_padding=&#8221;3px|||||&#8221; hover_enabled=&#8221;0&#8243; text_font_size_tablet=&#8221;16px&#8221; text_font_size_phone=&#8221;14px&#8221; text_font_size_last_edited=&#8221;on|phone&#8221; global_colors_info=&#8221;{}&#8221; sticky_enabled=&#8221;0&#8243;]<h1>Klauzula informacyjna \u2013 monitoring<\/h1>\n<h2><\/h2>\n<div><p><\/p>\n<div>Realizuj\u0105c\u00a0 wym\u00f3g wynikaj\u0105cy\u00a0 z Rozporz\u0105dzenia Parlamentu Europejskiego i Rady (UE) 2016\/679 z dnia 27 kwietnia 2016 r. w sprawie ochrony os\u00f3b fizycznych w zwi\u0105zku z przetwarzaniem danych osobowych i w sprawie swobodnego przep\u0142ywu takich danych oraz uchylenia dyrektywy 95\/46\/WE (og\u00f3lne rozporz\u0105dzenie o ochronie danych, zwane \u201eRODO\u201d), informuj\u0119 o zasadach monitoringu, obowi\u0105zuj\u0105cego na terenie szko\u0142y:<\/div>\n<div><\/div>\n<div>1.\u00a0\u00a0\u00a0 Administratorem systemu monitoringu oraz administratorem danych osobowych pozyskanych w systemie monitoringu jest Szko\u0142a J\u0119zykowa Przygoda Marta St\u0119pie\u0144 z siedzib\u0105 w Radomiu., ul. Wy\u015bcigowa 30 lok. 2, reprezentowana przez w\u0142a\u015bciciela Mart\u0119 St\u0119pie\u0144. <\/div>\n<div><\/div>\n<div>2.\u00a0\u00a0\u00a0 Zbieranie danych osobowych w systemie monitoringu odbywa si\u0119 w celu zapewnienia bezpiecze\u0144stwa uczni\u00f3w i pracownik\u00f3w oraz ochrony mienia.<\/div>\n<div><\/div>\n<div>3.\u00a0\u00a0\u00a0 Podstaw\u0105 prawn\u0105 przetwarzania danych osobowych w zakresie wizerunku odbywa si\u0119 na podstawie\u00a0 art. 6 ust. 1 pkt f) og\u00f3lnego rozporz\u0105dzenia o ochronie danych (Dz. Urz. UE z dnia 4 maja 2016 r. L.119\/1)\u00a0 oraz art. 22\u00b2 ustawy z dnia 26 czerwca 1976 roku Kodeks Pracy (Dz. U.2018.917).<\/div>\n<div><\/div>\n<div>4.\u00a0\u00a0\u00a0 Dane osobowe pozyskane z monitoringu b\u0119d\u0105 przetwarzane i przechowywane w okresie do 30 dni, po tym terminie dane zostan\u0105 usuni\u0119te\u00a0 przez ich nadpisanie na dysku. Termin usuni\u0119cia mo\u017ce zosta\u0107 przed\u0142u\u017cony do czasu prawomocnego zako\u0144czenia post\u0119powania prowadzonego na podstawie przepis\u00f3w prawa lub gdy Administrator powzi\u0105\u0142 informacj\u0119, i\u017c mog\u0105 one stanowi\u0107 dow\u00f3d w takim post\u0119powaniu, a Administrator lub podmiot przetwarzaj\u0105cy dane w jego imieniu ma obowi\u0105zek udokumentowania okoliczno\u015bci uzasadniaj\u0105ce zastosowanie powy\u017cszego wyj\u0105tku. <\/div>\n<div><\/div>\n<div>5.\u00a0\u00a0\u00a0 Regulamin organizacji i zarz\u0105dzania systemem monitoringu wizyjnego\u00a0 dost\u0119pny jest na stronie internetowej szko\u0142y oraz do wgl\u0105du w siedzibie szko\u0142y. <\/div>\n<div><\/div>\n<div>6.\u00a0\u00a0\u00a0 Osoba zarejestrowana przez system monitoringu ma prawo do dost\u0119pu do danych osobowych, prawo ich sprostowania lub usuni\u0119cia. Ponadto przys\u0142uguje prawo ograniczenia przetwarzania w przypadkach okre\u015blonych w art. 18 RODO.<\/div>\n<div><\/div>\n<div>7.\u00a0\u00a0\u00a0 Dane osobowe nie b\u0119d\u0105 przekazywane do pa\u0144stwa trzeciego (poza Uni\u0119 Europejsk\u0105) lub organizacji mi\u0119dzynarodowej.<\/div>\n<div><\/div>\n<div>8.\u00a0\u00a0\u00a0 Nie istniej\u0105 odbiorcy, kt\u00f3rym ujawnione mog\u0105 by\u0107 dane osobowe, tzn. dane osobowe nie b\u0119d\u0105 udost\u0119pniane \u017cadnym podmiotom trzecim. Dane z monitoringu mog\u0105 by\u0107 udost\u0119pnione jedynie w sytuacji, gdy zwr\u00f3ci si\u0119 o to uprawniony na podstawie powszechnie obowi\u0105zuj\u0105cych przepis\u00f3w prawa organ w ramach prowadzonego przez siebie post\u0119powania (np. policja, prokuratura, s\u0105d).<\/div>\n<div><\/div>\n<div>9.\u00a0\u00a0\u00a0 W przypadku stwierdzenia, \u017ce przetwarzanie danych narusza obowi\u0105zuj\u0105ce przepisy prawa, przys\u0142uguje prawo wniesienia skargi do Prezesa Urz\u0119du Ochrony Danych Osobowych.<\/div>\n<div><\/div>\n<div>10.\u00a0\u00a0\u00a0 Przetwarzanie danych osobowych w systemie monitoringu jest niezb\u0119dne do zapewnienia bezpiecze\u0144stwa uczni\u00f3w i pracownik\u00f3w oraz ochrony mienia. Oznacza to, \u017ce rejestracja wizerunku w systemie monitoringu jest konieczna w przypadku wej\u015bcia na teren budynku Szko\u0142y J\u0119zykowa Przygoda Marta St\u0119pie\u0144 z siedzib\u0105 w Radomiu., ul. Wy\u015bcigowa 30 lok. 2.<\/div>\n<div><\/div>\n<div>11.\u00a0\u00a0\u00a0 Wyra\u017cenie zgody na przetwarzanie danych osobowych w zakresie wizerunku\u00a0 jest warunkiem zawarcia umowy i rozpocz\u0119cia nauki w Szkole J\u0119zykowa Przygoda Marta St\u0119pie\u0144. <\/div>\n<div><\/div>\n<p>12.\u00a0\u00a0\u00a0 Dane osobowe\u00a0 nie b\u0119d\u0105 przetwarzane w spos\u00f3b zautomatyzowany, w tym r\u00f3wnie\u017c w formie profilowania, a o kt\u00f3rych mowa w art. 22 ust. 1 i 4 RODO. Oznacza to, \u017ce \u017cadne decyzje nie zapadaj\u0105\u00a0\u00a0 automatycznie oraz, \u017ce nie buduje si\u0119 \u017cadnych\u00a0 profili.\u00a0\u00a0 <\/p>\n<p>\u2026\u2026\u2026\u2026\u2026\u2026\u2026\u2026\u2026\u2026\u2026\u2026\u2026\u2026\u2026\u2026\u2026..\u00a0\u00a0\u00a0 \u00a0\u00a0\u00a0 \u00a0\u00a0\u00a0 \u2026\u2026\u2026\u2026\u2026\u2026\u2026\u2026\u2026\u2026\u2026\u2026\u2026\u2026\u2026\u2026\u2026\u2026.\u00a0\u00a0\u00a0\u00a0\u00a0\u00a0\u00a0\u00a0\u00a0\u00a0\u00a0\u00a0\u00a0\u00a0\u00a0\u00a0\u00a0\u00a0\u00a0\u00a0\u00a0\u00a0\u00a0\u00a0\u00a0\u00a0\u00a0\u00a0\u00a0\u00a0\u00a0\u00a0\u00a0\u00a0\u00a0\u00a0\u00a0\u00a0\u00a0\u00a0\u00a0\u00a0\u00a0\u00a0 <br \/>\u00a0\u00a0\u00a0\u00a0\u00a0\u00a0\u00a0\u00a0\u00a0\u00a0 (miejscowo\u015b\u0107, data)\u00a0\u00a0\u00a0\u00a0\u00a0\u00a0\u00a0\u00a0\u00a0\u00a0\u00a0\u00a0\u00a0\u00a0\u00a0 (podpis czytelny rodzica\/ opiekuna)<\/div>[\/et_pb_text][\/et_pb_column][\/et_pb_row][\/et_pb_section]\n","protected":false},"excerpt":{"rendered":"<p>Klauzula informacyjna \u2013 monitoring Realizuj\u0105c\u00a0 wym\u00f3g wynikaj\u0105cy\u00a0 z Rozporz\u0105dzenia Parlamentu Europejskiego i Rady (UE) 2016\/679 z dnia 27 kwietnia 2016 r. w sprawie ochrony os\u00f3b fizycznych w zwi\u0105zku z przetwarzaniem danych osobowych i w sprawie swobodnego przep\u0142ywu takich danych oraz uchylenia dyrektywy 95\/46\/WE (og\u00f3lne rozporz\u0105dzenie o ochronie danych, zwane \u201eRODO\u201d), informuj\u0119 o zasadach monitoringu, obowi\u0105zuj\u0105cego [&hellip;]<\/p>\n","protected":false},"author":1,"featured_media":0,"parent":0,"menu_order":0,"comment_status":"closed","ping_status":"closed","template":"","meta":{"_et_pb_use_builder":"on","_et_pb_old_content":"","_et_gb_content_width":"","footnotes":""},"class_list":["post-161","page","type-page","status-publish","hentry"],"_links":{"self":[{"href":"http:\/\/jezykowaprzygoda.pl\/index.php\/wp-json\/wp\/v2\/pages\/161","targetHints":{"allow":["GET"]}}],"collection":[{"href":"http:\/\/jezykowaprzygoda.pl\/index.php\/wp-json\/wp\/v2\/pages"}],"about":[{"href":"http:\/\/jezykowaprzygoda.pl\/index.php\/wp-json\/wp\/v2\/types\/page"}],"author":[{"embeddable":true,"href":"http:\/\/jezykowaprzygoda.pl\/index.php\/wp-json\/wp\/v2\/users\/1"}],"replies":[{"embeddable":true,"href":"http:\/\/jezykowaprzygoda.pl\/index.php\/wp-json\/wp\/v2\/comments?post=161"}],"version-history":[{"count":3,"href":"http:\/\/jezykowaprzygoda.pl\/index.php\/wp-json\/wp\/v2\/pages\/161\/revisions"}],"predecessor-version":[{"id":401,"href":"http:\/\/jezykowaprzygoda.pl\/index.php\/wp-json\/wp\/v2\/pages\/161\/revisions\/401"}],"wp:attachment":[{"href":"http:\/\/jezykowaprzygoda.pl\/index.php\/wp-json\/wp\/v2\/media?parent=161"}],"curies":[{"name":"wp","href":"https:\/\/api.w.org\/{rel}","templated":true}]}}